{"id":4568,"date":"2019-06-20T10:53:46","date_gmt":"2019-06-20T10:53:46","guid":{"rendered":"http:\/\/www.cancasellas.com\/?page_id=4568"},"modified":"2019-06-20T10:55:24","modified_gmt":"2019-06-20T10:55:24","slug":"avis-legal-i-proteccio-de-dades","status":"publish","type":"page","link":"https:\/\/www.cancasellas.com\/es\/avis-legal-i-proteccio-de-dades\/","title":{"rendered":"Aviso legal y protecci\u00f3n de datos"},"content":{"rendered":"<p><br><\/p>\n\n\n\n<p>La siguiente Pol\u00edtica de Privacidad describe el tratamiento de las datos de car\u00e1cter personal que Vilajeliu-Barcena SL realiza a sus clientes. <\/p>\n\n\n\n<p>REGLAMENTO (UE) 2016\/679 DEL PARLAMENTO EUROPEO Y DEL CONSEJO de 27 de abril de 2016 relativo a la protecci\u00f3n de las personas f\u00edsicas en lo que respecta al tratamiento de datos personales ya la libre circulaci\u00f3n de estas datos y por lo que se deroga la Directiva 95\/46\/CE (Reglamento general de protecci\u00f3n<\/p>\n\n\n\n<p>&nbsp;Ley Org\u00e1nica 3\/2018, de 5 de diciembre, de protecci\u00f3n de datos personales y garant\u00eda de los derechos digitales.<\/p>\n\n\n\n<p>Si desea obtener ayuda sobre nuestra pol\u00edtica de privacidad, o si tiene preguntas sobre la misma, por favor, p\u00f3ngase en contacto con nuestro Responsable de Protecci\u00f3n de Datos, cuya informaci\u00f3n de contacto se proporciona a continuaci\u00f3n:<\/p>\n\n\n\n<p>RESPONSABLE<\/p>\n\n\n\n<p><strong>\u00bfQui\u00e9n es el responsable del tratamiento de sus datos?<\/strong><\/p>\n\n\n\n<p>Identidad del Responsable del Tratamiento:<\/p>\n\n\n\n<p>VILAJELIU-BARCENA SL<\/p>\n\n\n\n<p>C\/ Sant Jaume, n\u00famero 6<\/p>\n\n\n\n<p>08490-Tordera (Barcelona)<\/p>\n\n\n\n<p>Tel\u00e9fono: 937645477<\/p>\n\n\n\n<p>e-mail: <a href=\"mailto:restaurant@cancasellas.com\">restaurant@cancasellas.com<\/a><\/p>\n\n\n\n<p>Si no est\u00e1 satisfecho con alg\u00fan aspecto de la forma en que recogemos o usamos sus datos personales, le rogamos nos lo comunique. Puede ponerse en contacto con nosotros en la direcci\u00f3n\/tel\u00e9fono llega indicado. Si no est\u00e1 satisfecho con nuestra respuesta, tiene derecho a presentar queja ante la Agencia Espa\u00f1ola de Protecci\u00f3n de Datos situada en 28001-Madrid, calle Jorge Juan, n\u00famero 6 o en su p\u00e1gina Web en www.aepd.es.<\/p>\n\n\n\n<p>FINALIDAD<\/p>\n\n\n\n<p><strong>\u00bfCon qu\u00e9 finalidad tratamos sus datos personales?<\/strong><\/p>\n\n\n\n<p>Fines del tratamiento:<\/p>\n\n\n\n<p>Tratamos la informaci\u00f3n que nos facilitan las personas interesadas con el fin de relaciones comerciales en el \u00e1mbito de servicios de restaurante.<\/p>\n\n\n\n<p><strong>\u00bfPor cu\u00e1nto tiempo conservaremos sus datos?<\/strong><\/p>\n\n\n\n<p>Las datos personales proporcionados se conservar\u00e1n en la empresa mientras se mantengan relaciones comerciales, no se solicite su supresi\u00f3n por el interesado o durante los a\u00f1os necesarios para el cumplimiento de las obligaciones legales.<\/p>\n\n\n\n<p>LEGITIMACI\u00d3N<\/p>\n\n\n\n<p><strong>\u00bfCu\u00e1l es la legitimaci\u00f3n para el tratamiento de sus datos?<\/strong><\/p>\n\n\n\n<p>Base jur\u00eddica del tratamiento:<\/p>\n\n\n\n<p>La base legal para el tratamiento de sus datos es la prestaci\u00f3n de servicios\/productos basada en el contractual, y\/o inter\u00e9s leg\u00edtimo.<\/p>\n\n\n\n<p>DESTINATARIOS<\/p>\n\n\n\n<p><strong>\u00bfA qu\u00e9 destinatarios se comunicar\u00e1n sus datos?<\/strong><\/p>\n\n\n\n<p>Cesiones:<\/p>\n\n\n\n<p>No se ceder\u00e1n datos a terceros salvo obligaci\u00f3n legal.<\/p>\n\n\n\n<p>DERECHOS<\/p>\n\n\n\n<p><strong>\u00bfCu\u00e1les son sus derechos cuando nos facilita sus datos?<\/strong><\/p>\n\n\n\n<p>Derecho a ser informado<\/p>\n\n\n\n<p>Usted tiene derecho a recibir informaci\u00f3n clara, transparente y f\u00e1cilmente comprensible sobre c\u00f3mo usamos sus datos personales y sobre sus derechos. Por eso le proporcionamos la informaci\u00f3n, clara y concisa, en esta pol\u00edtica de privacidad.<\/p>\n\n\n\n<p>Cualquier persona tiene derecho a obtener confirmaci\u00f3n sobre si estamos tratando datos personales que le conciernen o no.<\/p>\n\n\n\n<p>Derecho de acceso<\/p>\n\n\n\n<p>Las personas interesadas tienen derecho a acceder a sus datos personales. Esto es as\u00ed para que sepa y pueda comprobar que estamos usando sus datos personales de acuerdo con la Ley de protecci\u00f3n de datos, el Reglamento (UE) 2016\/679 DEL PARLAMENTO EUROPEO Y DEL CONSEJO de 27 de abril de 2016 y con la finalidad con la que fueron proporcionados.<\/p>\n\n\n\n<p>Derecho de rectificaci\u00f3n<\/p>\n\n\n\n<p>Tiene derecho a solicitar la rectificaci\u00f3n de las datos personales si son inexactas o incompletas.<\/p>\n\n\n\n<p>Derecho de supresi\u00f3n<\/p>\n\n\n\n<p>Tambi\u00e9n conocido como derecho al olvido. Este derecho le permite solicitar la supresi\u00f3n o eliminaci\u00f3n de sus datos personales cuando, entre otros motivos, las datos ya no sean necesarias para los fines que fueron recogidos. No se trata de un derecho absoluto de borrado. Puede que tengamos el derecho u obligaci\u00f3n de retener sus datos, como cuando estemos legalmente obligados a ello (ejemplo: motivos fiscales) o tengamos otra raz\u00f3n legal v\u00e1lida para retenerlos (ejemplo: orden judicial).<\/p>\n\n\n\n<p>Derecho de limitaci\u00f3n<\/p>\n\n\n\n<p>En determinadas circunstancias, los interesados podr\u00e1n solicitar la limitaci\u00f3n del tratamiento de sus datos, en cuyo caso \u00fanicamente los conservaremos para el ejercicio o defensa de reclamaciones.<\/p>\n\n\n\n<p>Derecho a la portabilidad de las datos<\/p>\n\n\n\n<p>Tiene derecho a obtener una copia de algunas de sus datos personales que conservamos ya rehusarlos o compartirlos para sus propios fines.<\/p>\n\n\n\n<p>Derecho de oposici\u00f3n<\/p>\n\n\n\n<p>En determinadas circunstancias y por motivos relacionados con su situaci\u00f3n particular, los interesados podr\u00e1n oponerse al tratamiento de sus datos. En tal caso se dejara de tratar las datos, salvo por motivos leg\u00edtimos, imperiosos o el ejercicio o la defensa de posibles reclamaciones.<\/p>\n\n\n\n<p>Derecho a la toma de decisiones automatizada y la elaboraci\u00f3n de perfiles<\/p>\n\n\n\n<p>No utilizamos tecnolog\u00eda para crear perfiles sobre usted y tomar decisiones automatizadas, por lo que no nos ser\u00eda posible atener a cuestiones relativas a este derecho.<\/p>\n\n\n\n<p>PROCEDENCIA<\/p>\n\n\n\n<p><strong>\u00bfC\u00f3mo hemos obtenido sus datos?<\/strong><\/p>\n\n\n\n<p>Fuente de las datos:<\/p>\n\n\n\n<p>Las datos personales que sabemos sobre usted nos los proporciona usted en sus primeros contactos con nosotros y mientras no se extinga la relaci\u00f3n comercial. Nos puede proporcionar sus datos personales en diferentes momentos y mediante diferentes canales de comunicaci\u00f3n (incluido el tel\u00e9fono, correo electr\u00f3nico y correo postal o personalmente en nuestras dependencias, como cuando usted:<\/p>\n\n\n\n<p>Solicita informaci\u00f3n sobre, o solicita alguno de nuestros productos\/servicios.<\/p>\n\n\n\n<p>Podemos ponernos en contacto con usted, personalmente, por tel\u00e9fono, correo, correo electr\u00f3nico, mensaje de texto (SMS) u otros medios electr\u00f3nicos.<\/p>\n\n\n\n<p>Lo que sabemos sobre usted.<\/p>\n\n\n\n<p>Los tipos de datos personales que mantenemos pueden incluir su:<\/p>\n\n\n\n<p>N\u00famero y cogidos<\/p>\n\n\n\n<p>Datos de contacto, incluidas las datos de correo electr\u00f3nico y n\u00fameros de tel\u00e9fono<\/p>\n\n\n\n<p>Por qu\u00e9 necesitamos sus datos personales.<\/p>\n\n\n\n<p>Utilizamos las datos personales que tenemos sobre usted para:<\/p>\n\n\n\n<p>Proporcionar un producto\/servicio para usted y para las actividades pertinentes a dicho producto\/servicio.<\/p>\n\n\n\n<p>Verificar su identidad y cumplir con nuestras obligaciones legales y regulatorias.<\/p>\n\n\n\n<p>Proporcionarle la informaci\u00f3n y productos\/servicios que nos solicite.<\/p>\n\n\n\n<p>Gestionar nuestra relaci\u00f3n con usted, mientras mantenemos relaci\u00f3n comercial y para poder comunicarnos con usted.<\/p>\n\n\n\n<p>Comprobar las instrucciones que nos d\u00e9.<\/p>\n\n\n\n<p>Proporcionarle informaci\u00f3n comercial cuando haya dado su consentimiento al marketing directo.<\/p>","protected":false},"excerpt":{"rendered":"<p>La siguiente Pol\u00edtica de Privacidad describe el tratamiento de los datos de car\u00e1cter personal que Vilajeliu-Barcena SL lleva a t\u00e9rmino de sus clientes. REGLAMENTO (UE) 2016\/679 DEL PARLAMENTO EUROPEO Y DEL CONSEJO de 27 de abril de 2016 relativo a la protecci\u00f3n de las personas f\u00edsicas en lo que respecta al tratamiento de datos personales [&hellip;]<\/p>","protected":false},"author":3,"featured_media":0,"parent":0,"menu_order":0,"comment_status":"closed","ping_status":"closed","template":"","meta":{"footnotes":""},"class_list":["post-4568","page","type-page","status-publish","hentry"],"_links":{"self":[{"href":"https:\/\/www.cancasellas.com\/es\/wp-json\/wp\/v2\/pages\/4568","targetHints":{"allow":["GET"]}}],"collection":[{"href":"https:\/\/www.cancasellas.com\/es\/wp-json\/wp\/v2\/pages"}],"about":[{"href":"https:\/\/www.cancasellas.com\/es\/wp-json\/wp\/v2\/types\/page"}],"author":[{"embeddable":true,"href":"https:\/\/www.cancasellas.com\/es\/wp-json\/wp\/v2\/users\/3"}],"replies":[{"embeddable":true,"href":"https:\/\/www.cancasellas.com\/es\/wp-json\/wp\/v2\/comments?post=4568"}],"version-history":[{"count":2,"href":"https:\/\/www.cancasellas.com\/es\/wp-json\/wp\/v2\/pages\/4568\/revisions"}],"predecessor-version":[{"id":4572,"href":"https:\/\/www.cancasellas.com\/es\/wp-json\/wp\/v2\/pages\/4568\/revisions\/4572"}],"wp:attachment":[{"href":"https:\/\/www.cancasellas.com\/es\/wp-json\/wp\/v2\/media?parent=4568"}],"curies":[{"name":"wp","href":"https:\/\/api.w.org\/{rel}","templated":true}]}}