{"id":8589,"date":"2025-09-02T17:30:44","date_gmt":"2025-09-02T17:30:44","guid":{"rendered":"https:\/\/www.cancasellas.com\/?page_id=8589"},"modified":"2025-09-04T22:17:45","modified_gmt":"2025-09-04T22:17:45","slug":"botiga","status":"publish","type":"page","link":"https:\/\/www.cancasellas.com\/es\/botiga\/","title":{"rendered":"Tienda"},"content":{"rendered":"<div data-elementor-type=\"wp-page\" data-elementor-id=\"8589\" class=\"elementor elementor-8589\" data-elementor-post-type=\"page\">\n\t\t\t\t\t\t<section class=\"elementor-section elementor-top-section elementor-element elementor-element-e57ffa8 elementor-section-boxed elementor-section-height-default elementor-section-height-default\" data-id=\"e57ffa8\" data-element_type=\"section\">\n\t\t\t\t\t\t<div class=\"elementor-container elementor-column-gap-default\">\n\t\t\t\t\t<div class=\"elementor-column elementor-col-100 elementor-top-column elementor-element elementor-element-14da27e\" data-id=\"14da27e\" data-element_type=\"column\">\n\t\t\t<div class=\"elementor-widget-wrap elementor-element-populated\">\n\t\t\t\t\t\t<div class=\"elementor-element elementor-element-3d3a5d9 elementor-widget elementor-widget-heading\" data-id=\"3d3a5d9\" data-element_type=\"widget\" data-widget_type=\"heading.default\">\n\t\t\t\t<div class=\"elementor-widget-container\">\n\t\t\t\t\t<h2 class=\"elementor-heading-title elementor-size-default\">Tienda<\/h2>\t\t\t\t<\/div>\n\t\t\t\t<\/div>\n\t\t\t\t\t<\/div>\n\t\t<\/div>\n\t\t\t\t\t<\/div>\n\t\t<\/section>\n\t\t\t\t<section class=\"elementor-section elementor-top-section elementor-element elementor-element-855a105 elementor-section-full_width elementor-section-height-default elementor-section-height-default elementor-invisible\" data-id=\"855a105\" data-element_type=\"section\" data-settings=\"{&quot;animation&quot;:&quot;fadeIn&quot;}\">\n\t\t\t\t\t\t<div class=\"elementor-container elementor-column-gap-default\">\n\t\t\t\t\t<div class=\"elementor-column elementor-col-100 elementor-top-column elementor-element elementor-element-5ca9592\" data-id=\"5ca9592\" data-element_type=\"column\" data-settings=\"{&quot;background_background&quot;:&quot;classic&quot;}\">\n\t\t\t<div class=\"elementor-widget-wrap elementor-element-populated\">\n\t\t\t\t\t\t<div class=\"elementor-element elementor-element-4a2dc52 elementor-align-center elementor-widget elementor-widget-button\" data-id=\"4a2dc52\" data-element_type=\"widget\" data-widget_type=\"button.default\">\n\t\t\t\t<div class=\"elementor-widget-container\">\n\t\t\t\t\t\t\t\t\t<div class=\"elementor-button-wrapper\">\n\t\t\t\t\t<a class=\"elementor-button elementor-size-sm\" role=\"button\">\n\t\t\t\t\t\t<span class=\"elementor-button-content-wrapper\">\n\t\t\t\t\t\t\t\t\t<span class=\"elementor-button-text\">Tienda Gourmet (pr\u00f3ximamente)<\/span>\n\t\t\t\t\t<\/span>\n\t\t\t\t\t<\/a>\n\t\t\t\t<\/div>\n\t\t\t\t\t\t\t\t<\/div>\n\t\t\t\t<\/div>\n\t\t\t\t\t<\/div>\n\t\t<\/div>\n\t\t\t\t\t<\/div>\n\t\t<\/section>\n\t\t\t\t<section class=\"elementor-section elementor-top-section elementor-element elementor-element-94eaaa5 elementor-section-boxed elementor-section-height-default elementor-section-height-default\" data-id=\"94eaaa5\" data-element_type=\"section\">\n\t\t\t\t\t\t<div class=\"elementor-container elementor-column-gap-default\">\n\t\t\t\t\t<div class=\"elementor-column elementor-col-100 elementor-top-column elementor-element elementor-element-8c2073c\" data-id=\"8c2073c\" data-element_type=\"column\">\n\t\t\t<div class=\"elementor-widget-wrap elementor-element-populated\">\n\t\t\t\t\t\t<div class=\"elementor-element elementor-element-c171758 elementor-widget elementor-widget-text-editor\" data-id=\"c171758\" data-element_type=\"widget\" data-widget_type=\"text-editor.default\">\n\t\t\t\t<div class=\"elementor-widget-container\">\n\t\t\t\t\t\t\t\t\t<p><em>En la tienda gourmet de Can Casellas encontrar\u00e1s un espacio \u00fanico en el que el producto es siempre el protagonista. Cada art\u00edculo que ofrecemos ha sido cuidadosamente seleccionado por su calidad, origen e historia que le apoya. Apostamos por productores locales, elaboraciones artesanales y marcas que trabajan con respeto al entorno y pasi\u00f3n por lo aut\u00e9ntico.<\/em><\/p><p><em>Nuestras estanter\u00edas re\u00fanen aceites de oliva virgen extra de primera categor\u00eda, vinos con car\u00e1cter de diferentes denominaciones, carnes de proximidad criadas con esmero, conservas y especialidades que representan lo mejor de nuestra tierra y de otras regiones con tradici\u00f3n gastron\u00f3mica. Tambi\u00e9n descubrir\u00e1s propuestas innovadoras que sorprenden por su frescura y originalidad, siempre con un denominador com\u00fan: la excelencia.<\/em><\/p><p><em>La tienda gourmet de Can Casellas es algo m\u00e1s que un lugar de compra: es un punto de encuentro para quienes valoran el buen producto, disfrutan explorando nuevos sabores y aprecian la honestidad de la gastronom\u00eda hecha con cuidado. Aqu\u00ed cada botella, cada prenda y cada etiqueta cuentan una historia que merece ser compartida.<\/em><\/p><p><strong><em>Bienvenido al hogar del producto aut\u00e9ntico<\/em><\/strong><\/p>\t\t\t\t\t\t\t\t<\/div>\n\t\t\t\t<\/div>\n\t\t\t\t\t<\/div>\n\t\t<\/div>\n\t\t\t\t\t<\/div>\n\t\t<\/section>\n\t\t\t\t<section class=\"elementor-section elementor-top-section elementor-element elementor-element-3b68b33 elementor-section-boxed elementor-section-height-default elementor-section-height-default\" data-id=\"3b68b33\" data-element_type=\"section\">\n\t\t\t\t\t\t<div class=\"elementor-container elementor-column-gap-default\">\n\t\t\t\t\t<div class=\"elementor-column elementor-col-100 elementor-top-column elementor-element elementor-element-924b8f8\" data-id=\"924b8f8\" data-element_type=\"column\">\n\t\t\t<div class=\"elementor-widget-wrap elementor-element-populated\">\n\t\t\t\t\t\t<div class=\"elementor-element elementor-element-7499d16 elementor-widget elementor-widget-heading\" data-id=\"7499d16\" data-element_type=\"widget\" data-widget_type=\"heading.default\">\n\t\t\t\t<div class=\"elementor-widget-container\">\n\t\t\t\t\t<h2 class=\"elementor-heading-title elementor-size-default\">Productores<\/h2>\t\t\t\t<\/div>\n\t\t\t\t<\/div>\n\t\t\t\t<section class=\"elementor-section elementor-inner-section elementor-element elementor-element-ff182f8 elementor-section-boxed elementor-section-height-default elementor-section-height-default\" data-id=\"ff182f8\" data-element_type=\"section\">\n\t\t\t\t\t\t<div class=\"elementor-container elementor-column-gap-default\">\n\t\t\t\t\t<div class=\"elementor-column elementor-col-20 elementor-inner-column elementor-element elementor-element-c597b19\" data-id=\"c597b19\" data-element_type=\"column\">\n\t\t\t<div class=\"elementor-widget-wrap elementor-element-populated\">\n\t\t\t\t\t\t<div class=\"elementor-element elementor-element-09a1b5c elementor-widget elementor-widget-image\" data-id=\"09a1b5c\" data-element_type=\"widget\" data-widget_type=\"image.default\">\n\t\t\t\t<div class=\"elementor-widget-container\">\n\t\t\t\t\t\t\t\t\t\t\t\t\t\t\t\t<a href=\"http:\/\/www.masiapiguillem.com\/\" target=\"_blank\">\n\t\t\t\t\t\t\t<img decoding=\"async\" width=\"186\" height=\"150\" src=\"https:\/\/www.cancasellas.com\/wp-content\/uploads\/2025\/09\/masia-piguillem.png\" class=\"attachment-large size-large wp-image-8592\" alt=\"\" srcset=\"https:\/\/www.cancasellas.com\/wp-content\/uploads\/2025\/09\/masia-piguillem.png 186w, https:\/\/www.cancasellas.com\/wp-content\/uploads\/2025\/09\/masia-piguillem-15x12.png 15w\" sizes=\"(max-width: 186px) 100vw, 186px\" \/>\t\t\t\t\t\t\t\t<\/a>\n\t\t\t\t\t\t\t\t\t\t\t\t\t\t\t<\/div>\n\t\t\t\t<\/div>\n\t\t\t\t\t<\/div>\n\t\t<\/div>\n\t\t\t\t<div class=\"elementor-column elementor-col-20 elementor-inner-column elementor-element elementor-element-9f4a224\" data-id=\"9f4a224\" data-element_type=\"column\">\n\t\t\t<div class=\"elementor-widget-wrap elementor-element-populated\">\n\t\t\t\t\t\t<div class=\"elementor-element elementor-element-d2eb254 elementor-widget elementor-widget-image\" data-id=\"d2eb254\" data-element_type=\"widget\" data-widget_type=\"image.default\">\n\t\t\t\t<div class=\"elementor-widget-container\">\n\t\t\t\t\t\t\t\t\t\t\t\t\t\t\t\t<a href=\"https:\/\/www.truficas.com\/\" target=\"_blank\">\n\t\t\t\t\t\t\t<img fetchpriority=\"high\" decoding=\"async\" width=\"600\" height=\"471\" src=\"https:\/\/www.cancasellas.com\/wp-content\/uploads\/2025\/09\/truficas.png\" class=\"attachment-large size-large wp-image-8593\" alt=\"\" srcset=\"https:\/\/www.cancasellas.com\/wp-content\/uploads\/2025\/09\/truficas.png 600w, https:\/\/www.cancasellas.com\/wp-content\/uploads\/2025\/09\/truficas-15x12.png 15w\" sizes=\"(max-width: 600px) 100vw, 600px\" \/>\t\t\t\t\t\t\t\t<\/a>\n\t\t\t\t\t\t\t\t\t\t\t\t\t\t\t<\/div>\n\t\t\t\t<\/div>\n\t\t\t\t\t<\/div>\n\t\t<\/div>\n\t\t\t\t<div class=\"elementor-column elementor-col-20 elementor-inner-column elementor-element elementor-element-5a3c2ee\" data-id=\"5a3c2ee\" data-element_type=\"column\">\n\t\t\t<div class=\"elementor-widget-wrap elementor-element-populated\">\n\t\t\t\t\t\t<div class=\"elementor-element elementor-element-af30e13 elementor-widget elementor-widget-image\" data-id=\"af30e13\" data-element_type=\"widget\" data-widget_type=\"image.default\">\n\t\t\t\t<div class=\"elementor-widget-container\">\n\t\t\t\t\t\t\t\t\t\t\t\t\t\t\t<img decoding=\"async\" width=\"800\" height=\"800\" src=\"https:\/\/www.cancasellas.com\/wp-content\/uploads\/2025\/09\/masguso.jpg\" class=\"attachment-large size-large wp-image-8594\" alt=\"\" srcset=\"https:\/\/www.cancasellas.com\/wp-content\/uploads\/2025\/09\/masguso.jpg 960w, https:\/\/www.cancasellas.com\/wp-content\/uploads\/2025\/09\/masguso-600x600.jpg 600w, https:\/\/www.cancasellas.com\/wp-content\/uploads\/2025\/09\/masguso-150x150.jpg 150w, https:\/\/www.cancasellas.com\/wp-content\/uploads\/2025\/09\/masguso-768x768.jpg 768w, https:\/\/www.cancasellas.com\/wp-content\/uploads\/2025\/09\/masguso-12x12.jpg 12w\" sizes=\"(max-width: 800px) 100vw, 800px\" \/>\t\t\t\t\t\t\t\t\t\t\t\t\t\t\t<\/div>\n\t\t\t\t<\/div>\n\t\t\t\t\t<\/div>\n\t\t<\/div>\n\t\t\t\t<div class=\"elementor-column elementor-col-20 elementor-inner-column elementor-element elementor-element-ac7535a\" data-id=\"ac7535a\" data-element_type=\"column\">\n\t\t\t<div class=\"elementor-widget-wrap elementor-element-populated\">\n\t\t\t\t\t\t<div class=\"elementor-element elementor-element-4d53570 elementor-widget elementor-widget-image\" data-id=\"4d53570\" data-element_type=\"widget\" data-widget_type=\"image.default\">\n\t\t\t\t<div class=\"elementor-widget-container\">\n\t\t\t\t\t\t\t\t\t\t\t\t\t\t\t\t<a href=\"https:\/\/mooma.cat\/\" target=\"_blank\">\n\t\t\t\t\t\t\t<img loading=\"lazy\" decoding=\"async\" width=\"600\" height=\"600\" src=\"https:\/\/www.cancasellas.com\/wp-content\/uploads\/2025\/09\/mooma.png\" class=\"attachment-large size-large wp-image-8595\" alt=\"\" srcset=\"https:\/\/www.cancasellas.com\/wp-content\/uploads\/2025\/09\/mooma.png 600w, https:\/\/www.cancasellas.com\/wp-content\/uploads\/2025\/09\/mooma-150x150.png 150w, https:\/\/www.cancasellas.com\/wp-content\/uploads\/2025\/09\/mooma-12x12.png 12w\" sizes=\"(max-width: 600px) 100vw, 600px\" \/>\t\t\t\t\t\t\t\t<\/a>\n\t\t\t\t\t\t\t\t\t\t\t\t\t\t\t<\/div>\n\t\t\t\t<\/div>\n\t\t\t\t\t<\/div>\n\t\t<\/div>\n\t\t\t\t<div class=\"elementor-column elementor-col-20 elementor-inner-column elementor-element elementor-element-670b1b6\" data-id=\"670b1b6\" data-element_type=\"column\">\n\t\t\t<div class=\"elementor-widget-wrap elementor-element-populated\">\n\t\t\t\t\t\t<div class=\"elementor-element elementor-element-9cb85d4 elementor-widget elementor-widget-image\" data-id=\"9cb85d4\" data-element_type=\"widget\" data-widget_type=\"image.default\">\n\t\t\t\t<div class=\"elementor-widget-container\">\n\t\t\t\t\t\t\t\t\t\t\t\t\t\t\t\t<a href=\"https:\/\/www.cuadratvalley.com\/es\" target=\"_blank\">\n\t\t\t\t\t\t\t<img loading=\"lazy\" decoding=\"async\" width=\"301\" height=\"300\" src=\"https:\/\/www.cancasellas.com\/wp-content\/uploads\/2025\/09\/cuadrat-valley.png\" class=\"attachment-large size-large wp-image-8596\" alt=\"\" srcset=\"https:\/\/www.cancasellas.com\/wp-content\/uploads\/2025\/09\/cuadrat-valley.png 301w, https:\/\/www.cancasellas.com\/wp-content\/uploads\/2025\/09\/cuadrat-valley-150x150.png 150w, https:\/\/www.cancasellas.com\/wp-content\/uploads\/2025\/09\/cuadrat-valley-12x12.png 12w\" sizes=\"(max-width: 301px) 100vw, 301px\" \/>\t\t\t\t\t\t\t\t<\/a>\n\t\t\t\t\t\t\t\t\t\t\t\t\t\t\t<\/div>\n\t\t\t\t<\/div>\n\t\t\t\t\t<\/div>\n\t\t<\/div>\n\t\t\t\t\t<\/div>\n\t\t<\/section>\n\t\t\t\t\t<\/div>\n\t\t<\/div>\n\t\t\t\t\t<\/div>\n\t\t<\/section>\n\t\t\t\t<\/div>","protected":false},"excerpt":{"rendered":"<p>Botiga Botiga Gourmet (pr\u00f2ximament) A la botiga gourmet de Can Casellas trobar\u00e0s un espai \u00fanic on el producte \u00e9s sempre el protagonista. Cada article que oferim ha estat acuradament seleccionat per la seva qualitat, origen i hist\u00f2ria que el recolza. Apostem per productors locals, elaboracions artesanals i marques que treballen amb respecte a l&#8217;entorn i [&hellip;]<\/p>","protected":false},"author":2,"featured_media":8348,"parent":0,"menu_order":0,"comment_status":"closed","ping_status":"closed","template":"","meta":{"footnotes":""},"class_list":["post-8589","page","type-page","status-publish","has-post-thumbnail","hentry"],"_links":{"self":[{"href":"https:\/\/www.cancasellas.com\/es\/wp-json\/wp\/v2\/pages\/8589","targetHints":{"allow":["GET"]}}],"collection":[{"href":"https:\/\/www.cancasellas.com\/es\/wp-json\/wp\/v2\/pages"}],"about":[{"href":"https:\/\/www.cancasellas.com\/es\/wp-json\/wp\/v2\/types\/page"}],"author":[{"embeddable":true,"href":"https:\/\/www.cancasellas.com\/es\/wp-json\/wp\/v2\/users\/2"}],"replies":[{"embeddable":true,"href":"https:\/\/www.cancasellas.com\/es\/wp-json\/wp\/v2\/comments?post=8589"}],"version-history":[{"count":10,"href":"https:\/\/www.cancasellas.com\/es\/wp-json\/wp\/v2\/pages\/8589\/revisions"}],"predecessor-version":[{"id":8656,"href":"https:\/\/www.cancasellas.com\/es\/wp-json\/wp\/v2\/pages\/8589\/revisions\/8656"}],"wp:featuredmedia":[{"embeddable":true,"href":"https:\/\/www.cancasellas.com\/es\/wp-json\/wp\/v2\/media\/8348"}],"wp:attachment":[{"href":"https:\/\/www.cancasellas.com\/es\/wp-json\/wp\/v2\/media?parent=8589"}],"curies":[{"name":"wp","href":"https:\/\/api.w.org\/{rel}","templated":true}]}}